{"id":4041,"date":"2020-12-15T11:18:31","date_gmt":"2020-12-15T10:18:31","guid":{"rendered":"https:\/\/vinofriki.com\/?post_type=product&#038;p=4041"},"modified":"2020-12-15T11:22:07","modified_gmt":"2020-12-15T10:22:07","slug":"friki-edicion-especial-escultor-javier-de-benito","status":"publish","type":"product","link":"https:\/\/vinofriki.com\/en\/vinos\/friki-edicion-especial-escultor-javier-de-benito\/","title":{"rendered":"Friki edici\u00f3n especial escultor Javier de Benito"},"content":{"rendered":"<p>Edici\u00f3n especial de Vino Friki Parcelario dise\u00f1ada y elaborada por el escultor Javier de Benito. Con solo 25 unidades del pack, esta edici\u00f3n, hecha artesanalmente viene con la etiqueta elaborada en barro, con su caja artesanal y un libro explicativo de la edici\u00f3n.<\/p>\n","protected":false},"excerpt":{"rendered":"<p>Edici\u00f3n especial de Vino Friki Parcelario dise\u00f1ada y elaborada por el escultor Javier de Benito. Con solo 25 unidades del pack, esta edici\u00f3n, hecha artesanalmente&#8230;<\/p>\n","protected":false},"featured_media":3939,"template":"","meta":[],"product_brand":[],"product_cat":[33],"product_tag":[],"class_list":{"0":"post-4041","1":"product","2":"type-product","3":"status-publish","4":"has-post-thumbnail","6":"product_cat-ediciones-especiales","8":"first","9":"instock","10":"taxable","11":"shipping-taxable","12":"purchasable","13":"product-type-simple"},"yoast_head":"<!-- This site is optimized with the Yoast SEO plugin v26.6 - https:\/\/yoast.com\/wordpress\/plugins\/seo\/ -->\n<title>Friki edici\u00f3n especial escultor Javier de Benito - VINO FRIKI<\/title>\n<meta name=\"description\" content=\"Edici\u00f3n especial dise\u00f1ada y elaborada por el escultor Javier de Benito. Con su etiqueta de barro,estuche artesanal y libro explicativo de la edici\u00f3n.\" \/>\n<meta name=\"robots\" content=\"index, follow, max-snippet:-1, max-image-preview:large, max-video-preview:-1\" \/>\n<link rel=\"canonical\" href=\"https:\/\/vinofriki.com\/en\/vinos\/friki-edicion-especial-escultor-javier-de-benito\/\" \/>\n<meta property=\"og:locale\" content=\"en_US\" \/>\n<meta property=\"og:type\" content=\"article\" \/>\n<meta property=\"og:title\" content=\"Friki edici\u00f3n especial escultor Javier de Benito - VINO FRIKI\" \/>\n<meta property=\"og:description\" content=\"Edici\u00f3n especial dise\u00f1ada y elaborada por el escultor Javier de Benito. Con su etiqueta de barro,estuche artesanal y libro explicativo de la edici\u00f3n.\" \/>\n<meta property=\"og:url\" content=\"https:\/\/vinofriki.com\/en\/vinos\/friki-edicion-especial-escultor-javier-de-benito\/\" \/>\n<meta property=\"og:site_name\" content=\"VINO FRIKI\" \/>\n<meta property=\"article:modified_time\" content=\"2020-12-15T10:22:07+00:00\" \/>\n<meta property=\"og:image\" content=\"https:\/\/vinofriki.com\/wp-content\/uploads\/2020\/11\/edicion-especial-1.jpg\" \/>\n\t<meta property=\"og:image:width\" content=\"1000\" \/>\n\t<meta property=\"og:image:height\" content=\"1500\" \/>\n\t<meta property=\"og:image:type\" content=\"image\/jpeg\" \/>\n<meta name=\"twitter:card\" content=\"summary_large_image\" \/>\n<script type=\"application\/ld+json\" class=\"yoast-schema-graph\">{\"@context\":\"https:\/\/schema.org\",\"@graph\":[{\"@type\":\"WebPage\",\"@id\":\"https:\/\/vinofriki.com\/en\/vinos\/friki-edicion-especial-escultor-javier-de-benito\/\",\"url\":\"https:\/\/vinofriki.com\/en\/vinos\/friki-edicion-especial-escultor-javier-de-benito\/\",\"name\":\"Friki edici\u00f3n especial escultor Javier de Benito - VINO FRIKI\",\"isPartOf\":{\"@id\":\"https:\/\/vinofriki.com\/en\/#website\"},\"primaryImageOfPage\":{\"@id\":\"https:\/\/vinofriki.com\/en\/vinos\/friki-edicion-especial-escultor-javier-de-benito\/#primaryimage\"},\"image\":{\"@id\":\"https:\/\/vinofriki.com\/en\/vinos\/friki-edicion-especial-escultor-javier-de-benito\/#primaryimage\"},\"thumbnailUrl\":\"https:\/\/vinofriki.com\/wp-content\/uploads\/2020\/11\/edicion-especial-1.jpg\",\"datePublished\":\"2020-12-15T10:18:31+00:00\",\"dateModified\":\"2020-12-15T10:22:07+00:00\",\"description\":\"Edici\u00f3n especial dise\u00f1ada y elaborada por el escultor Javier de Benito. Con su etiqueta de barro,estuche artesanal y libro explicativo de la edici\u00f3n.\",\"breadcrumb\":{\"@id\":\"https:\/\/vinofriki.com\/en\/vinos\/friki-edicion-especial-escultor-javier-de-benito\/#breadcrumb\"},\"inLanguage\":\"en-US\",\"potentialAction\":[{\"@type\":\"ReadAction\",\"target\":[\"https:\/\/vinofriki.com\/en\/vinos\/friki-edicion-especial-escultor-javier-de-benito\/\"]}]},{\"@type\":\"ImageObject\",\"inLanguage\":\"en-US\",\"@id\":\"https:\/\/vinofriki.com\/en\/vinos\/friki-edicion-especial-escultor-javier-de-benito\/#primaryimage\",\"url\":\"https:\/\/vinofriki.com\/wp-content\/uploads\/2020\/11\/edicion-especial-1.jpg\",\"contentUrl\":\"https:\/\/vinofriki.com\/wp-content\/uploads\/2020\/11\/edicion-especial-1.jpg\",\"width\":1000,\"height\":1500,\"caption\":\"3 botellas de Vino Friki con etiqueta de barro\"},{\"@type\":\"BreadcrumbList\",\"@id\":\"https:\/\/vinofriki.com\/en\/vinos\/friki-edicion-especial-escultor-javier-de-benito\/#breadcrumb\",\"itemListElement\":[{\"@type\":\"ListItem\",\"position\":1,\"name\":\"Portada\",\"item\":\"https:\/\/vinofriki.com\/en\/\"},{\"@type\":\"ListItem\",\"position\":2,\"name\":\"Shop\",\"item\":\"https:\/\/vinofriki.com\/en\/shop\/\"},{\"@type\":\"ListItem\",\"position\":3,\"name\":\"Friki edici\u00f3n especial escultor Javier de Benito\"}]},{\"@type\":\"WebSite\",\"@id\":\"https:\/\/vinofriki.com\/en\/#website\",\"url\":\"https:\/\/vinofriki.com\/en\/\",\"name\":\"VINO FRIKI\",\"description\":\"Para los que son frikis del vino\",\"potentialAction\":[{\"@type\":\"SearchAction\",\"target\":{\"@type\":\"EntryPoint\",\"urlTemplate\":\"https:\/\/vinofriki.com\/en\/?s={search_term_string}\"},\"query-input\":{\"@type\":\"PropertyValueSpecification\",\"valueRequired\":true,\"valueName\":\"search_term_string\"}}],\"inLanguage\":\"en-US\"}]}<\/script>\n<!-- \/ Yoast SEO plugin. -->","yoast_head_json":{"title":"Friki edici\u00f3n especial escultor Javier de Benito - VINO FRIKI","description":"Edici\u00f3n especial dise\u00f1ada y elaborada por el escultor Javier de Benito. Con su etiqueta de barro,estuche artesanal y libro explicativo de la edici\u00f3n.","robots":{"index":"index","follow":"follow","max-snippet":"max-snippet:-1","max-image-preview":"max-image-preview:large","max-video-preview":"max-video-preview:-1"},"canonical":"https:\/\/vinofriki.com\/en\/vinos\/friki-edicion-especial-escultor-javier-de-benito\/","og_locale":"en_US","og_type":"article","og_title":"Friki edici\u00f3n especial escultor Javier de Benito - VINO FRIKI","og_description":"Edici\u00f3n especial dise\u00f1ada y elaborada por el escultor Javier de Benito. Con su etiqueta de barro,estuche artesanal y libro explicativo de la edici\u00f3n.","og_url":"https:\/\/vinofriki.com\/en\/vinos\/friki-edicion-especial-escultor-javier-de-benito\/","og_site_name":"VINO FRIKI","article_modified_time":"2020-12-15T10:22:07+00:00","og_image":[{"width":1000,"height":1500,"url":"https:\/\/vinofriki.com\/wp-content\/uploads\/2020\/11\/edicion-especial-1.jpg","type":"image\/jpeg"}],"twitter_card":"summary_large_image","schema":{"@context":"https:\/\/schema.org","@graph":[{"@type":"WebPage","@id":"https:\/\/vinofriki.com\/en\/vinos\/friki-edicion-especial-escultor-javier-de-benito\/","url":"https:\/\/vinofriki.com\/en\/vinos\/friki-edicion-especial-escultor-javier-de-benito\/","name":"Friki edici\u00f3n especial escultor Javier de Benito - VINO FRIKI","isPartOf":{"@id":"https:\/\/vinofriki.com\/en\/#website"},"primaryImageOfPage":{"@id":"https:\/\/vinofriki.com\/en\/vinos\/friki-edicion-especial-escultor-javier-de-benito\/#primaryimage"},"image":{"@id":"https:\/\/vinofriki.com\/en\/vinos\/friki-edicion-especial-escultor-javier-de-benito\/#primaryimage"},"thumbnailUrl":"https:\/\/vinofriki.com\/wp-content\/uploads\/2020\/11\/edicion-especial-1.jpg","datePublished":"2020-12-15T10:18:31+00:00","dateModified":"2020-12-15T10:22:07+00:00","description":"Edici\u00f3n especial dise\u00f1ada y elaborada por el escultor Javier de Benito. Con su etiqueta de barro,estuche artesanal y libro explicativo de la edici\u00f3n.","breadcrumb":{"@id":"https:\/\/vinofriki.com\/en\/vinos\/friki-edicion-especial-escultor-javier-de-benito\/#breadcrumb"},"inLanguage":"en-US","potentialAction":[{"@type":"ReadAction","target":["https:\/\/vinofriki.com\/en\/vinos\/friki-edicion-especial-escultor-javier-de-benito\/"]}]},{"@type":"ImageObject","inLanguage":"en-US","@id":"https:\/\/vinofriki.com\/en\/vinos\/friki-edicion-especial-escultor-javier-de-benito\/#primaryimage","url":"https:\/\/vinofriki.com\/wp-content\/uploads\/2020\/11\/edicion-especial-1.jpg","contentUrl":"https:\/\/vinofriki.com\/wp-content\/uploads\/2020\/11\/edicion-especial-1.jpg","width":1000,"height":1500,"caption":"3 botellas de Vino Friki con etiqueta de barro"},{"@type":"BreadcrumbList","@id":"https:\/\/vinofriki.com\/en\/vinos\/friki-edicion-especial-escultor-javier-de-benito\/#breadcrumb","itemListElement":[{"@type":"ListItem","position":1,"name":"Portada","item":"https:\/\/vinofriki.com\/en\/"},{"@type":"ListItem","position":2,"name":"Shop","item":"https:\/\/vinofriki.com\/en\/shop\/"},{"@type":"ListItem","position":3,"name":"Friki edici\u00f3n especial escultor Javier de Benito"}]},{"@type":"WebSite","@id":"https:\/\/vinofriki.com\/en\/#website","url":"https:\/\/vinofriki.com\/en\/","name":"VINO FRIKI","description":"Para los que son frikis del vino","potentialAction":[{"@type":"SearchAction","target":{"@type":"EntryPoint","urlTemplate":"https:\/\/vinofriki.com\/en\/?s={search_term_string}"},"query-input":{"@type":"PropertyValueSpecification","valueRequired":true,"valueName":"search_term_string"}}],"inLanguage":"en-US"}]}},"_links":{"self":[{"href":"https:\/\/vinofriki.com\/en\/wp-json\/wp\/v2\/product\/4041","targetHints":{"allow":["GET"]}}],"collection":[{"href":"https:\/\/vinofriki.com\/en\/wp-json\/wp\/v2\/product"}],"about":[{"href":"https:\/\/vinofriki.com\/en\/wp-json\/wp\/v2\/types\/product"}],"wp:featuredmedia":[{"embeddable":true,"href":"https:\/\/vinofriki.com\/en\/wp-json\/wp\/v2\/media\/3939"}],"wp:attachment":[{"href":"https:\/\/vinofriki.com\/en\/wp-json\/wp\/v2\/media?parent=4041"}],"wp:term":[{"taxonomy":"product_brand","embeddable":true,"href":"https:\/\/vinofriki.com\/en\/wp-json\/wp\/v2\/product_brand?post=4041"},{"taxonomy":"product_cat","embeddable":true,"href":"https:\/\/vinofriki.com\/en\/wp-json\/wp\/v2\/product_cat?post=4041"},{"taxonomy":"product_tag","embeddable":true,"href":"https:\/\/vinofriki.com\/en\/wp-json\/wp\/v2\/product_tag?post=4041"}],"curies":[{"name":"wp","href":"https:\/\/api.w.org\/{rel}","templated":true}]}}