{"id":4001,"date":"2020-12-10T17:29:29","date_gmt":"2020-12-10T16:29:29","guid":{"rendered":"https:\/\/vinofriki.com\/?post_type=product&#038;p=4001"},"modified":"2022-12-13T17:45:20","modified_gmt":"2022-12-13T16:45:20","slug":"villaveta","status":"publish","type":"product","link":"https:\/\/vinofriki.com\/en\/vinos\/villaveta\/","title":{"rendered":"Villaveta"},"content":{"rendered":"[vc_row type=&#8221;full_width_background&#8221; full_screen_row_position=&#8221;middle&#8221; column_margin=&#8221;default&#8221; equal_height=&#8221;yes&#8221; content_placement=&#8221;top&#8221; column_direction=&#8221;default&#8221; column_direction_tablet=&#8221;default&#8221; column_direction_phone=&#8221;default&#8221; bg_color=&#8221;#ffffff&#8221; scene_position=&#8221;center&#8221; top_padding=&#8221;5%&#8221; bottom_padding=&#8221;7%&#8221; text_color=&#8221;dark&#8221; text_align=&#8221;left&#8221; row_border_radius=&#8221;none&#8221; row_border_radius_applies=&#8221;bg&#8221; overflow=&#8221;visible&#8221; overlay_strength=&#8221;0.3&#8243; gradient_direction=&#8221;left_to_right&#8221; shape_divider_color=&#8221;#000000&#8243; shape_divider_position=&#8221;bottom&#8221; shape_divider_height=&#8221;50&#8243; bg_image_animation=&#8221;none&#8221; shape_type=&#8221;tilt&#8221;][vc_column column_padding=&#8221;padding-6-percent&#8221; column_padding_tablet=&#8221;inherit&#8221; column_padding_phone=&#8221;inherit&#8221; column_padding_position=&#8221;left&#8221; column_element_direction_desktop=&#8221;default&#8221; column_element_spacing=&#8221;default&#8221; desktop_text_alignment=&#8221;default&#8221; tablet_text_alignment=&#8221;default&#8221; phone_text_alignment=&#8221;default&#8221; background_color_opacity=&#8221;1&#8243; background_hover_color_opacity=&#8221;1&#8243; column_backdrop_filter=&#8221;none&#8221; column_shadow=&#8221;none&#8221; column_border_radius=&#8221;none&#8221; column_link_target=&#8221;_self&#8221; column_position=&#8221;default&#8221; gradient_direction=&#8221;left_to_right&#8221; overlay_strength=&#8221;0.3&#8243; width=&#8221;1\/2&#8243; tablet_width_inherit=&#8221;default&#8221; animation_type=&#8221;default&#8221; enable_animation=&#8221;true&#8221; animation=&#8221;fade-in-from-bottom&#8221; animation_easing=&#8221;default&#8221; bg_image_animation=&#8221;none&#8221; border_type=&#8221;simple&#8221; column_border_width=&#8221;none&#8221; column_border_style=&#8221;solid&#8221;][vc_column_text css_animation=&#8221;none&#8221; max_width=&#8221;375&#8243;]\n<h2>Vino Parcelario<\/h2>\n[\/vc_column_text][vc_column_text css_animation=&#8221;none&#8221; css=&#8221;.vc_custom_1670949890289{margin-top: 30px !important;margin-bottom: 30px !important;}&#8221; max_width=&#8221;400&#8243;]El Villaveta es un vino sembrado en parcela de mas de 80 a\u00f1os formada en vaso de 8.000 metros cuadrados. Se mantiene su sistema tradicional de plantaci\u00f3n.<\/p>\n<p>Terreno muy ligero, con limos y algo de grava, pobre, pero muy sano.<\/p>\n<p>Las plantas no tienen un gran desarrollo pero mantiene una gran calidad de uva.<\/p>\n<p>La vendimia del vino parcelario Villaveta se hace manual en cajas de 15 kilos y se lleva a bodega, donde se pasa por mesa de selecci\u00f3n, elaboraci\u00f3n en dep\u00f3sitos de micro vinificaci\u00f3n, y crianza en barrica usada de roble de 500 litros de capacidad.<\/p>\n<p>Vino afrutado, marcado por la longevidad del vi\u00f1edo, que parece recordar a ciertos vinos atl\u00e1nticos.<\/p>\n<p>Consumir con todo tipo de carnes, paellas, comidas asi\u00e1ticas, comida castellana de puchero<\/p>\n<p><strong>VENDIMIA<\/strong>:\u00a0Manual sobre contenedor isotermo.<\/p>\n<p><strong>CONSUMO<\/strong>: Con cualquier tipo de carne, paellas, comida asi\u00e1tica, puchero.<\/p>\n<p><strong>ALTITUD<\/strong>: 850 metros<\/p>\n<p><strong>A\u00d1ADA<\/strong>: 2018[\/vc_column_text][\/vc_column][vc_column column_padding=&#8221;no-extra-padding&#8221; column_padding_tablet=&#8221;inherit&#8221; column_padding_phone=&#8221;inherit&#8221; column_padding_position=&#8221;right&#8221; column_element_direction_desktop=&#8221;default&#8221; column_element_spacing=&#8221;default&#8221; desktop_text_alignment=&#8221;default&#8221; tablet_text_alignment=&#8221;default&#8221; phone_text_alignment=&#8221;default&#8221; background_color_opacity=&#8221;1&#8243; background_hover_color_opacity=&#8221;1&#8243; column_backdrop_filter=&#8221;none&#8221; column_shadow=&#8221;none&#8221; column_border_radius=&#8221;none&#8221; column_link_target=&#8221;_self&#8221; column_position=&#8221;default&#8221; gradient_direction=&#8221;left_to_right&#8221; overlay_strength=&#8221;0.3&#8243; width=&#8221;1\/2&#8243; tablet_width_inherit=&#8221;default&#8221; animation_type=&#8221;default&#8221; bg_image_animation=&#8221;none&#8221; border_type=&#8221;simple&#8221; column_border_width=&#8221;none&#8221; column_border_style=&#8221;solid&#8221;][vc_row_inner column_margin=&#8221;default&#8221; column_direction=&#8221;default&#8221; column_direction_tablet=&#8221;default&#8221; column_direction_phone=&#8221;default&#8221; text_align=&#8221;left&#8221; row_position=&#8221;default&#8221; row_position_tablet=&#8221;inherit&#8221; row_position_phone=&#8221;inherit&#8221; overflow=&#8221;visible&#8221; pointer_events=&#8221;all&#8221;][vc_column_inner column_padding=&#8221;padding-2-percent&#8221; column_padding_tablet=&#8221;inherit&#8221; column_padding_phone=&#8221;inherit&#8221; column_padding_position=&#8221;all&#8221; column_element_direction_desktop=&#8221;default&#8221; column_element_spacing=&#8221;default&#8221; desktop_text_alignment=&#8221;default&#8221; tablet_text_alignment=&#8221;default&#8221; phone_text_alignment=&#8221;default&#8221; background_color_opacity=&#8221;1&#8243; background_hover_color_opacity=&#8221;1&#8243; column_backdrop_filter=&#8221;none&#8221; column_shadow=&#8221;none&#8221; column_border_radius=&#8221;none&#8221; column_link_target=&#8221;_self&#8221; overflow=&#8221;visible&#8221; gradient_direction=&#8221;left_to_right&#8221; overlay_strength=&#8221;0.3&#8243; width=&#8221;1\/2&#8243; tablet_width_inherit=&#8221;default&#8221; animation_type=&#8221;default&#8221; enable_animation=&#8221;true&#8221; animation=&#8221;fade-in-from-bottom&#8221; animation_easing=&#8221;default&#8221; bg_image_animation=&#8221;none&#8221; border_type=&#8221;simple&#8221; column_border_width=&#8221;none&#8221; column_border_style=&#8221;solid&#8221;][nectar_icon icon_family=&#8221;iconsmind&#8221; icon_style=&#8221;default&#8221; icon_color_type=&#8221;color_scheme&#8221; icon_color=&#8221;Accent-Color&#8221; icon_padding=&#8221;10px&#8221; pointer_events=&#8221;all&#8221; icon_iconsmind=&#8221;iconsmind-Geo22&#8243; icon_size=&#8221;36&#8243;][vc_column_text css_animation=&#8221;none&#8221; css=&#8221;.vc_custom_1607610080172{margin-bottom: 15px !important;}&#8221;]\n<h4><em>Localidad<\/em><\/h4>\n<div class=\"page\" title=\"Page 1\">\n<div class=\"layoutArea\">\n<div class=\"column\">\n<p>Pampliega, Burgos<\/p>\n<\/div>\n<\/div>\n<\/div>\n[\/vc_column_text][\/vc_column_inner][vc_column_inner column_padding=&#8221;padding-2-percent&#8221; column_padding_tablet=&#8221;inherit&#8221; column_padding_phone=&#8221;inherit&#8221; column_padding_position=&#8221;all&#8221; column_element_direction_desktop=&#8221;default&#8221; column_element_spacing=&#8221;default&#8221; desktop_text_alignment=&#8221;default&#8221; tablet_text_alignment=&#8221;default&#8221; phone_text_alignment=&#8221;default&#8221; background_color_opacity=&#8221;1&#8243; background_hover_color_opacity=&#8221;1&#8243; column_backdrop_filter=&#8221;none&#8221; column_shadow=&#8221;none&#8221; column_border_radius=&#8221;none&#8221; column_link_target=&#8221;_self&#8221; overflow=&#8221;visible&#8221; gradient_direction=&#8221;left_to_right&#8221; overlay_strength=&#8221;0.3&#8243; width=&#8221;1\/2&#8243; tablet_width_inherit=&#8221;default&#8221; animation_type=&#8221;default&#8221; enable_animation=&#8221;true&#8221; animation=&#8221;fade-in-from-bottom&#8221; animation_easing=&#8221;default&#8221; bg_image_animation=&#8221;none&#8221; border_type=&#8221;simple&#8221; column_border_width=&#8221;none&#8221; column_border_style=&#8221;solid&#8221; delay=&#8221;200&#8243;][nectar_icon icon_family=&#8221;iconsmind&#8221; icon_style=&#8221;default&#8221; icon_color_type=&#8221;color_scheme&#8221; icon_color=&#8221;Accent-Color&#8221; icon_padding=&#8221;10px&#8221; pointer_events=&#8221;all&#8221; icon_iconsmind=&#8221;iconsmind-Pen-5&#8243; icon_size=&#8221;36&#8243;][vc_column_text css_animation=&#8221;none&#8221; css=&#8221;.vc_custom_1607610060701{margin-bottom: 15px !important;}&#8221;]\n<h4><em>Denominaci\u00f3n<\/em><\/h4>\n<p>Vino de Espa\u00f1a[\/vc_column_text][\/vc_column_inner][\/vc_row_inner][vc_row_inner column_margin=&#8221;default&#8221; column_direction=&#8221;default&#8221; column_direction_tablet=&#8221;default&#8221; column_direction_phone=&#8221;default&#8221; text_align=&#8221;left&#8221; row_position=&#8221;default&#8221; row_position_tablet=&#8221;inherit&#8221; row_position_phone=&#8221;inherit&#8221; overflow=&#8221;visible&#8221; pointer_events=&#8221;all&#8221;][vc_column_inner column_padding=&#8221;padding-2-percent&#8221; column_padding_tablet=&#8221;inherit&#8221; column_padding_phone=&#8221;inherit&#8221; column_padding_position=&#8221;all&#8221; column_element_direction_desktop=&#8221;default&#8221; column_element_spacing=&#8221;default&#8221; desktop_text_alignment=&#8221;default&#8221; tablet_text_alignment=&#8221;default&#8221; phone_text_alignment=&#8221;default&#8221; background_color_opacity=&#8221;1&#8243; background_hover_color_opacity=&#8221;1&#8243; column_backdrop_filter=&#8221;none&#8221; column_shadow=&#8221;none&#8221; column_border_radius=&#8221;none&#8221; column_link_target=&#8221;_self&#8221; overflow=&#8221;visible&#8221; gradient_direction=&#8221;left_to_right&#8221; overlay_strength=&#8221;0.3&#8243; width=&#8221;1\/2&#8243; tablet_width_inherit=&#8221;default&#8221; animation_type=&#8221;default&#8221; enable_animation=&#8221;true&#8221; animation=&#8221;fade-in-from-bottom&#8221; animation_easing=&#8221;default&#8221; bg_image_animation=&#8221;none&#8221; border_type=&#8221;simple&#8221; column_border_width=&#8221;none&#8221; column_border_style=&#8221;solid&#8221;][nectar_icon icon_family=&#8221;iconsmind&#8221; icon_style=&#8221;default&#8221; icon_color_type=&#8221;color_scheme&#8221; icon_color=&#8221;Accent-Color&#8221; icon_padding=&#8221;10px&#8221; pointer_events=&#8221;all&#8221; icon_iconsmind=&#8221;iconsmind-Loading-3&#8243; icon_size=&#8221;36&#8243;][vc_column_text css_animation=&#8221;none&#8221; css=&#8221;.vc_custom_1607617909539{margin-bottom: 15px !important;}&#8221;]\n<h4><em>Variedades<\/em><\/h4>\n<p>Menc\u00eda, tempranillo, garnacha, y alguna que no sabemos identificar\u2026[\/vc_column_text][\/vc_column_inner][vc_column_inner column_padding=&#8221;padding-2-percent&#8221; column_padding_tablet=&#8221;inherit&#8221; column_padding_phone=&#8221;inherit&#8221; column_padding_position=&#8221;all&#8221; column_element_direction_desktop=&#8221;default&#8221; column_element_spacing=&#8221;default&#8221; desktop_text_alignment=&#8221;default&#8221; tablet_text_alignment=&#8221;default&#8221; phone_text_alignment=&#8221;default&#8221; background_color_opacity=&#8221;1&#8243; background_hover_color_opacity=&#8221;1&#8243; column_backdrop_filter=&#8221;none&#8221; column_shadow=&#8221;none&#8221; column_border_radius=&#8221;none&#8221; column_link_target=&#8221;_self&#8221; overflow=&#8221;visible&#8221; gradient_direction=&#8221;left_to_right&#8221; overlay_strength=&#8221;0.3&#8243; width=&#8221;1\/2&#8243; tablet_width_inherit=&#8221;default&#8221; animation_type=&#8221;default&#8221; enable_animation=&#8221;true&#8221; animation=&#8221;fade-in-from-bottom&#8221; animation_easing=&#8221;default&#8221; bg_image_animation=&#8221;none&#8221; border_type=&#8221;simple&#8221; column_border_width=&#8221;none&#8221; column_border_style=&#8221;solid&#8221; delay=&#8221;200&#8243;][nectar_icon icon_family=&#8221;iconsmind&#8221; icon_style=&#8221;default&#8221; icon_color_type=&#8221;color_scheme&#8221; icon_color=&#8221;Accent-Color&#8221; icon_padding=&#8221;10px&#8221; pointer_events=&#8221;all&#8221; icon_iconsmind=&#8221;iconsmind-Venn-Diagram&#8221; icon_size=&#8221;36&#8243;][vc_column_text css_animation=&#8221;none&#8221; css=&#8221;.vc_custom_1607773933033{margin-bottom: 15px !important;}&#8221;]\n<h4><em>Tipo de Suelo<\/em><\/h4>\n<p>Terreno muy ligero, con limos y algo de grava, pobre, pero muy sano[\/vc_column_text][\/vc_column_inner][\/vc_row_inner][\/vc_column][\/vc_row][vc_row type=&#8221;full_width_background&#8221; full_screen_row_position=&#8221;middle&#8221; column_margin=&#8221;default&#8221; column_direction=&#8221;default&#8221; column_direction_tablet=&#8221;default&#8221; column_direction_phone=&#8221;default&#8221; bg_color=&#8221;#000000&#8243; scene_position=&#8221;center&#8221; top_padding=&#8221;3%&#8221; bottom_padding=&#8221;3%&#8221; text_color=&#8221;light&#8221; text_align=&#8221;left&#8221; row_border_radius=&#8221;none&#8221; row_border_radius_applies=&#8221;bg&#8221; overflow=&#8221;visible&#8221; overlay_strength=&#8221;0.3&#8243; gradient_direction=&#8221;left_to_right&#8221; enable_shape_divider=&#8221;true&#8221; shape_divider_color=&#8221;#ffffff&#8221; shape_divider_position=&#8221;top&#8221; shape_divider_height=&#8221;50&#8243; bg_image_animation=&#8221;none&#8221; shape_type=&#8221;tilt&#8221;][vc_column column_padding=&#8221;padding-4-percent&#8221; column_padding_tablet=&#8221;inherit&#8221; column_padding_phone=&#8221;inherit&#8221; column_padding_position=&#8221;top-bottom&#8221; column_element_direction_desktop=&#8221;default&#8221; column_element_spacing=&#8221;default&#8221; centered_text=&#8221;true&#8221; desktop_text_alignment=&#8221;default&#8221; tablet_text_alignment=&#8221;default&#8221; phone_text_alignment=&#8221;default&#8221; background_color_opacity=&#8221;1&#8243; background_hover_color_opacity=&#8221;1&#8243; column_backdrop_filter=&#8221;none&#8221; column_shadow=&#8221;none&#8221; column_border_radius=&#8221;none&#8221; column_link_target=&#8221;_self&#8221; column_position=&#8221;default&#8221; gradient_direction=&#8221;left_to_right&#8221; overlay_strength=&#8221;0.3&#8243; width=&#8221;1\/1&#8243; tablet_width_inherit=&#8221;default&#8221; animation_type=&#8221;default&#8221; bg_image_animation=&#8221;none&#8221; border_type=&#8221;simple&#8221; column_border_width=&#8221;none&#8221; column_border_style=&#8221;solid&#8221;][vc_custom_heading text=&#8221;\u00bfEres un verdadero FRIKI?&#8221; font_container=&#8221;tag:h3|text_align:center|color:%23ffffff&#8221; google_fonts=&#8221;font_family:Playfair%20Display%3Aregular%2Citalic%2C700%2C700italic%2C900%2C900italic|font_style:700%20bold%20italic%3A700%3Aitalic&#8221;][divider line_type=&#8221;No Line&#8221; custom_height=&#8221;40&#8243;][nectar_btn size=&#8221;jumbo&#8221; button_style=&#8221;regular-tilt&#8221; button_color=&#8221;Extra-Color-2&#8243; color_override=&#8221;#72b2a1&#8243; solid_text_color_override=&#8221;#000000&#8243; icon_family=&#8221;none&#8221; text=&#8221;C\u00d3MPRALO&#8221; margin_right=&#8221;50&#8217;x&#8221; margin_left=&#8221;50px&#8221; url=&#8221;#ajax-content-wrap&#8221;][nectar_btn size=&#8221;jumbo&#8221; button_style=&#8221;see-through-2&#8243; color_override=&#8221;#ffffff&#8221; hover_color_override=&#8221;#72b2a1&#8243; hover_text_color_override=&#8221;#ffffff&#8221; icon_family=&#8221;none&#8221; text=&#8221;M\u00c1S VINOS&#8221; margin_right=&#8221;50&#8217;x&#8221; margin_left=&#8221;50px&#8221; url=&#8221;https:\/\/vinofriki.com\/vinos\/&#8221;][\/vc_column][\/vc_row]\n","protected":false},"excerpt":{"rendered":"<h3>Vino parcelario<\/h3>\n<p>Villaveta solo 600 botellas<\/p>\n","protected":false},"featured_media":5507,"template":"","meta":[],"product_brand":[],"product_cat":[33],"product_tag":[],"class_list":{"0":"post-4001","1":"product","2":"type-product","3":"status-publish","4":"has-post-thumbnail","6":"product_cat-ediciones-especiales","8":"first","9":"instock","10":"taxable","11":"shipping-taxable","12":"purchasable","13":"product-type-simple"},"yoast_head":"<!-- This site is optimized with the Yoast SEO plugin v26.6 - https:\/\/yoast.com\/wordpress\/plugins\/seo\/ -->\n<title>Villaveta - VINO FRIKI Parcelario EDICI\u00d3N ESPECIAL 290 botellas<\/title>\n<meta name=\"description\" content=\"Villaveta parcelario es un vino afrutado, marcado por la longevidad del vi\u00f1edo, que parece recordar a ciertos vinos atl\u00e1nticos.\" \/>\n<meta name=\"robots\" content=\"index, follow, max-snippet:-1, max-image-preview:large, max-video-preview:-1\" \/>\n<link rel=\"canonical\" href=\"https:\/\/vinofriki.com\/en\/vinos\/villaveta\/\" \/>\n<meta property=\"og:locale\" content=\"en_US\" \/>\n<meta property=\"og:type\" content=\"article\" \/>\n<meta property=\"og:title\" content=\"Villaveta - VINO FRIKI Parcelario EDICI\u00d3N ESPECIAL 290 botellas\" \/>\n<meta property=\"og:description\" content=\"Villaveta parcelario es un vino afrutado, marcado por la longevidad del vi\u00f1edo, que parece recordar a ciertos vinos atl\u00e1nticos.\" \/>\n<meta property=\"og:url\" content=\"https:\/\/vinofriki.com\/en\/vinos\/villaveta\/\" \/>\n<meta property=\"og:site_name\" content=\"VINO FRIKI\" \/>\n<meta property=\"article:modified_time\" content=\"2022-12-13T16:45:20+00:00\" \/>\n<meta property=\"og:image\" content=\"https:\/\/vinofriki.com\/wp-content\/uploads\/2020\/12\/Villaveta-antiguo.png\" \/>\n\t<meta property=\"og:image:width\" content=\"1431\" \/>\n\t<meta property=\"og:image:height\" content=\"1775\" \/>\n\t<meta property=\"og:image:type\" content=\"image\/png\" \/>\n<meta name=\"twitter:card\" content=\"summary_large_image\" \/>\n<meta name=\"twitter:label1\" content=\"Est. reading time\" \/>\n\t<meta name=\"twitter:data1\" content=\"3 minutes\" \/>\n<script type=\"application\/ld+json\" class=\"yoast-schema-graph\">{\"@context\":\"https:\/\/schema.org\",\"@graph\":[{\"@type\":\"WebPage\",\"@id\":\"https:\/\/vinofriki.com\/en\/vinos\/villaveta\/\",\"url\":\"https:\/\/vinofriki.com\/en\/vinos\/villaveta\/\",\"name\":\"Villaveta - VINO FRIKI Parcelario EDICI\u00d3N ESPECIAL 290 botellas\",\"isPartOf\":{\"@id\":\"https:\/\/vinofriki.com\/en\/#website\"},\"primaryImageOfPage\":{\"@id\":\"https:\/\/vinofriki.com\/en\/vinos\/villaveta\/#primaryimage\"},\"image\":{\"@id\":\"https:\/\/vinofriki.com\/en\/vinos\/villaveta\/#primaryimage\"},\"thumbnailUrl\":\"https:\/\/vinofriki.com\/wp-content\/uploads\/2020\/12\/Villaveta-antiguo.png\",\"datePublished\":\"2020-12-10T16:29:29+00:00\",\"dateModified\":\"2022-12-13T16:45:20+00:00\",\"description\":\"Villaveta parcelario es un vino afrutado, marcado por la longevidad del vi\u00f1edo, que parece recordar a ciertos vinos atl\u00e1nticos.\",\"breadcrumb\":{\"@id\":\"https:\/\/vinofriki.com\/en\/vinos\/villaveta\/#breadcrumb\"},\"inLanguage\":\"en-US\",\"potentialAction\":[{\"@type\":\"ReadAction\",\"target\":[\"https:\/\/vinofriki.com\/en\/vinos\/villaveta\/\"]}]},{\"@type\":\"ImageObject\",\"inLanguage\":\"en-US\",\"@id\":\"https:\/\/vinofriki.com\/en\/vinos\/villaveta\/#primaryimage\",\"url\":\"https:\/\/vinofriki.com\/wp-content\/uploads\/2020\/12\/Villaveta-antiguo.png\",\"contentUrl\":\"https:\/\/vinofriki.com\/wp-content\/uploads\/2020\/12\/Villaveta-antiguo.png\",\"width\":1431,\"height\":1775},{\"@type\":\"BreadcrumbList\",\"@id\":\"https:\/\/vinofriki.com\/en\/vinos\/villaveta\/#breadcrumb\",\"itemListElement\":[{\"@type\":\"ListItem\",\"position\":1,\"name\":\"Portada\",\"item\":\"https:\/\/vinofriki.com\/en\/\"},{\"@type\":\"ListItem\",\"position\":2,\"name\":\"Shop\",\"item\":\"https:\/\/vinofriki.com\/en\/shop\/\"},{\"@type\":\"ListItem\",\"position\":3,\"name\":\"Villaveta\"}]},{\"@type\":\"WebSite\",\"@id\":\"https:\/\/vinofriki.com\/en\/#website\",\"url\":\"https:\/\/vinofriki.com\/en\/\",\"name\":\"VINO FRIKI\",\"description\":\"Para los que son frikis del vino\",\"potentialAction\":[{\"@type\":\"SearchAction\",\"target\":{\"@type\":\"EntryPoint\",\"urlTemplate\":\"https:\/\/vinofriki.com\/en\/?s={search_term_string}\"},\"query-input\":{\"@type\":\"PropertyValueSpecification\",\"valueRequired\":true,\"valueName\":\"search_term_string\"}}],\"inLanguage\":\"en-US\"}]}<\/script>\n<!-- \/ Yoast SEO plugin. -->","yoast_head_json":{"title":"Villaveta - VINO FRIKI Parcelario EDICI\u00d3N ESPECIAL 290 botellas","description":"Villaveta parcelario es un vino afrutado, marcado por la longevidad del vi\u00f1edo, que parece recordar a ciertos vinos atl\u00e1nticos.","robots":{"index":"index","follow":"follow","max-snippet":"max-snippet:-1","max-image-preview":"max-image-preview:large","max-video-preview":"max-video-preview:-1"},"canonical":"https:\/\/vinofriki.com\/en\/vinos\/villaveta\/","og_locale":"en_US","og_type":"article","og_title":"Villaveta - VINO FRIKI Parcelario EDICI\u00d3N ESPECIAL 290 botellas","og_description":"Villaveta parcelario es un vino afrutado, marcado por la longevidad del vi\u00f1edo, que parece recordar a ciertos vinos atl\u00e1nticos.","og_url":"https:\/\/vinofriki.com\/en\/vinos\/villaveta\/","og_site_name":"VINO FRIKI","article_modified_time":"2022-12-13T16:45:20+00:00","og_image":[{"width":1431,"height":1775,"url":"https:\/\/vinofriki.com\/wp-content\/uploads\/2020\/12\/Villaveta-antiguo.png","type":"image\/png"}],"twitter_card":"summary_large_image","twitter_misc":{"Est. reading time":"3 minutes"},"schema":{"@context":"https:\/\/schema.org","@graph":[{"@type":"WebPage","@id":"https:\/\/vinofriki.com\/en\/vinos\/villaveta\/","url":"https:\/\/vinofriki.com\/en\/vinos\/villaveta\/","name":"Villaveta - VINO FRIKI Parcelario EDICI\u00d3N ESPECIAL 290 botellas","isPartOf":{"@id":"https:\/\/vinofriki.com\/en\/#website"},"primaryImageOfPage":{"@id":"https:\/\/vinofriki.com\/en\/vinos\/villaveta\/#primaryimage"},"image":{"@id":"https:\/\/vinofriki.com\/en\/vinos\/villaveta\/#primaryimage"},"thumbnailUrl":"https:\/\/vinofriki.com\/wp-content\/uploads\/2020\/12\/Villaveta-antiguo.png","datePublished":"2020-12-10T16:29:29+00:00","dateModified":"2022-12-13T16:45:20+00:00","description":"Villaveta parcelario es un vino afrutado, marcado por la longevidad del vi\u00f1edo, que parece recordar a ciertos vinos atl\u00e1nticos.","breadcrumb":{"@id":"https:\/\/vinofriki.com\/en\/vinos\/villaveta\/#breadcrumb"},"inLanguage":"en-US","potentialAction":[{"@type":"ReadAction","target":["https:\/\/vinofriki.com\/en\/vinos\/villaveta\/"]}]},{"@type":"ImageObject","inLanguage":"en-US","@id":"https:\/\/vinofriki.com\/en\/vinos\/villaveta\/#primaryimage","url":"https:\/\/vinofriki.com\/wp-content\/uploads\/2020\/12\/Villaveta-antiguo.png","contentUrl":"https:\/\/vinofriki.com\/wp-content\/uploads\/2020\/12\/Villaveta-antiguo.png","width":1431,"height":1775},{"@type":"BreadcrumbList","@id":"https:\/\/vinofriki.com\/en\/vinos\/villaveta\/#breadcrumb","itemListElement":[{"@type":"ListItem","position":1,"name":"Portada","item":"https:\/\/vinofriki.com\/en\/"},{"@type":"ListItem","position":2,"name":"Shop","item":"https:\/\/vinofriki.com\/en\/shop\/"},{"@type":"ListItem","position":3,"name":"Villaveta"}]},{"@type":"WebSite","@id":"https:\/\/vinofriki.com\/en\/#website","url":"https:\/\/vinofriki.com\/en\/","name":"VINO FRIKI","description":"Para los que son frikis del vino","potentialAction":[{"@type":"SearchAction","target":{"@type":"EntryPoint","urlTemplate":"https:\/\/vinofriki.com\/en\/?s={search_term_string}"},"query-input":{"@type":"PropertyValueSpecification","valueRequired":true,"valueName":"search_term_string"}}],"inLanguage":"en-US"}]}},"_links":{"self":[{"href":"https:\/\/vinofriki.com\/en\/wp-json\/wp\/v2\/product\/4001","targetHints":{"allow":["GET"]}}],"collection":[{"href":"https:\/\/vinofriki.com\/en\/wp-json\/wp\/v2\/product"}],"about":[{"href":"https:\/\/vinofriki.com\/en\/wp-json\/wp\/v2\/types\/product"}],"wp:featuredmedia":[{"embeddable":true,"href":"https:\/\/vinofriki.com\/en\/wp-json\/wp\/v2\/media\/5507"}],"wp:attachment":[{"href":"https:\/\/vinofriki.com\/en\/wp-json\/wp\/v2\/media?parent=4001"}],"wp:term":[{"taxonomy":"product_brand","embeddable":true,"href":"https:\/\/vinofriki.com\/en\/wp-json\/wp\/v2\/product_brand?post=4001"},{"taxonomy":"product_cat","embeddable":true,"href":"https:\/\/vinofriki.com\/en\/wp-json\/wp\/v2\/product_cat?post=4001"},{"taxonomy":"product_tag","embeddable":true,"href":"https:\/\/vinofriki.com\/en\/wp-json\/wp\/v2\/product_tag?post=4001"}],"curies":[{"name":"wp","href":"https:\/\/api.w.org\/{rel}","templated":true}]}}